{"id":30,"date":"2017-07-31T13:36:30","date_gmt":"2017-07-31T13:36:30","guid":{"rendered":"https:\/\/galabau-philippi.de\/cms\/?page_id=30"},"modified":"2018-02-09T11:37:13","modified_gmt":"2018-02-09T11:37:13","slug":"stellenangebote","status":"publish","type":"page","link":"https:\/\/galabau-philippi.de\/cms\/stellenangebote\/","title":{"rendered":"Stellenangebote"},"content":{"rendered":"<h1>Aktuelle Stellenangebote<\/h1>\n<h2><span style=\"color: #000000;\">Garten- und Landschaftsbau Philippi<\/span><\/h2>\n<p><img loading=\"lazy\" decoding=\"async\" class=\"size-medium wp-image-197 alignright\" src=\"https:\/\/galabau-philippi.de\/cms\/wp-content\/uploads\/2018\/01\/SignumExperte_rechts-300x97.jpg\" alt=\"\" width=\"300\" height=\"97\" srcset=\"https:\/\/galabau-philippi.de\/cms\/wp-content\/uploads\/2018\/01\/SignumExperte_rechts-300x97.jpg 300w, https:\/\/galabau-philippi.de\/cms\/wp-content\/uploads\/2018\/01\/SignumExperte_rechts-768x247.jpg 768w, https:\/\/galabau-philippi.de\/cms\/wp-content\/uploads\/2018\/01\/SignumExperte_rechts-1024x329.jpg 1024w, https:\/\/galabau-philippi.de\/cms\/wp-content\/uploads\/2018\/01\/SignumExperte_rechts.jpg 1181w\" sizes=\"auto, (max-width: 300px) 100vw, 300px\" \/><\/p>\n<h3><strong>Wir bieten&#8230;<\/strong><\/h3>\n<p>ein abwechslungsreiches Aufgabengebiet, gute Bezahlung und ein gutes Arbeitsklima. Wir arbeiten mit modernen Maschinen und sind ein eingespieltes Team, das G\u00e4rten mit gro\u00dfer Leidenschaft gestaltet.<\/p>\n<p>&nbsp;<\/p>\n<h3>Wir suchen&#8230;<\/h3>\n<p>zuverl\u00e4ssige Mitarbeiter, zur Verst\u00e4rkung unseres Teams.<\/p>\n<p><img loading=\"lazy\" decoding=\"async\" class=\"size-medium wp-image-279 alignright\" src=\"https:\/\/galabau-philippi.de\/cms\/wp-content\/uploads\/2018\/02\/Meisterbetrieb-300x108.png\" alt=\"\" width=\"300\" height=\"108\" srcset=\"https:\/\/galabau-philippi.de\/cms\/wp-content\/uploads\/2018\/02\/Meisterbetrieb-300x108.png 300w, https:\/\/galabau-philippi.de\/cms\/wp-content\/uploads\/2018\/02\/Meisterbetrieb-768x277.png 768w, https:\/\/galabau-philippi.de\/cms\/wp-content\/uploads\/2018\/02\/Meisterbetrieb-1024x370.png 1024w, https:\/\/galabau-philippi.de\/cms\/wp-content\/uploads\/2018\/02\/Meisterbetrieb.png 1365w\" sizes=\"auto, (max-width: 300px) 100vw, 300px\" \/><\/p>\n<ul>\n<li><strong>G\u00e4rtner Garten- und Landschaftsbau <\/strong>(m\/w)<br \/>\nmit abgeschlossener Berufsausbildung,<br \/>\nF\u00fchrerschein Klasse B wird vorausgesetzt<\/li>\n<li><strong>Helfer \/ Fahrer <\/strong>(m\/w)<br \/>\nF\u00fchrerschein Klasse B ist zwingend erforderlich<\/li>\n<li><strong>Maschinist \/ Baggerfahrer <\/strong>(m\/w)<\/li>\n<li><strong>LKW Fahrer <\/strong>(m\/w)<\/li>\n<\/ul>\n<p>&nbsp;<\/p>\n<p style=\"text-align: center;\">Hast Du Interesse Teil unseres Teams zu werden?<\/p>\n<p style=\"text-align: center;\">Bringst die n\u00f6tige geistige und k\u00f6rperliche Fitness mit,<br \/>\ndann bewerbe Dich jetzt per Email an <a href=\"mailto:info@galabau-philippi.de\">info@galabau-philippi.de<\/a><br \/>\noder sende uns deine Bewerbung auf dem Postweg zu.<\/p>\n<p style=\"text-align: center;\">Wir freuen uns auf deine Bewerbung.<\/p>\n<p>&nbsp;<\/p>\n<p><img loading=\"lazy\" decoding=\"async\" class=\" wp-image-200 aligncenter\" src=\"https:\/\/galabau-philippi.de\/cms\/wp-content\/uploads\/2018\/01\/Menschliches-Signum2-214x300.jpg\" alt=\"\" width=\"332\" height=\"466\" srcset=\"https:\/\/galabau-philippi.de\/cms\/wp-content\/uploads\/2018\/01\/Menschliches-Signum2-214x300.jpg 214w, https:\/\/galabau-philippi.de\/cms\/wp-content\/uploads\/2018\/01\/Menschliches-Signum2-768x1077.jpg 768w, https:\/\/galabau-philippi.de\/cms\/wp-content\/uploads\/2018\/01\/Menschliches-Signum2-730x1024.jpg 730w\" sizes=\"auto, (max-width: 332px) 100vw, 332px\" \/><\/p>\n<p>&nbsp;<\/p>\n","protected":false},"excerpt":{"rendered":"<p>Aktuelle Stellenangebote Garten- und Landschaftsbau Philippi Wir bieten&#8230; ein abwechslungsreiches Aufgabengebiet, gute Bezahlung und ein gutes Arbeitsklima. Wir arbeiten mit modernen Maschinen und sind ein eingespieltes Team, das G\u00e4rten mit gro\u00dfer Leidenschaft gestaltet. &nbsp; Wir suchen&#8230; zuverl\u00e4ssige Mitarbeiter, zur Verst\u00e4rkung unseres Teams. G\u00e4rtner Garten- und Landschaftsbau (m\/w) mit abgeschlossener Berufsausbildung, F\u00fchrerschein Klasse B wird vorausgesetzt &#8230;<\/p>\n","protected":false},"author":1,"featured_media":0,"parent":0,"menu_order":0,"comment_status":"closed","ping_status":"closed","template":"template-full-width.php","meta":{"footnotes":""},"class_list":["post-30","page","type-page","status-publish","hentry"],"aioseo_notices":[],"_links":{"self":[{"href":"https:\/\/galabau-philippi.de\/cms\/wp-json\/wp\/v2\/pages\/30","targetHints":{"allow":["GET"]}}],"collection":[{"href":"https:\/\/galabau-philippi.de\/cms\/wp-json\/wp\/v2\/pages"}],"about":[{"href":"https:\/\/galabau-philippi.de\/cms\/wp-json\/wp\/v2\/types\/page"}],"author":[{"embeddable":true,"href":"https:\/\/galabau-philippi.de\/cms\/wp-json\/wp\/v2\/users\/1"}],"replies":[{"embeddable":true,"href":"https:\/\/galabau-philippi.de\/cms\/wp-json\/wp\/v2\/comments?post=30"}],"version-history":[{"count":28,"href":"https:\/\/galabau-philippi.de\/cms\/wp-json\/wp\/v2\/pages\/30\/revisions"}],"predecessor-version":[{"id":304,"href":"https:\/\/galabau-philippi.de\/cms\/wp-json\/wp\/v2\/pages\/30\/revisions\/304"}],"wp:attachment":[{"href":"https:\/\/galabau-philippi.de\/cms\/wp-json\/wp\/v2\/media?parent=30"}],"curies":[{"name":"wp","href":"https:\/\/api.w.org\/{rel}","templated":true}]}}