{"id":169,"date":"2018-01-03T12:18:36","date_gmt":"2018-01-03T12:18:36","guid":{"rendered":"https:\/\/galabau-philippi.de\/cms\/?page_id=169"},"modified":"2018-02-11T10:28:00","modified_gmt":"2018-02-11T10:28:00","slug":"pflegemassnahmen","status":"publish","type":"page","link":"https:\/\/galabau-philippi.de\/cms\/leistungen\/pflegemassnahmen\/","title":{"rendered":"Pflegema\u00dfnahmen"},"content":{"rendered":"<ul>\n<li><img loading=\"lazy\" decoding=\"async\" class=\"size-medium wp-image-68 alignright\" src=\"https:\/\/galabau-philippi.de\/cms\/wp-content\/uploads\/2017\/07\/garden-207164_1920-300x200.jpg\" alt=\"\" width=\"300\" height=\"200\" srcset=\"https:\/\/galabau-philippi.de\/cms\/wp-content\/uploads\/2017\/07\/garden-207164_1920-300x200.jpg 300w, https:\/\/galabau-philippi.de\/cms\/wp-content\/uploads\/2017\/07\/garden-207164_1920-768x511.jpg 768w, https:\/\/galabau-philippi.de\/cms\/wp-content\/uploads\/2017\/07\/garden-207164_1920-1024x682.jpg 1024w, https:\/\/galabau-philippi.de\/cms\/wp-content\/uploads\/2017\/07\/garden-207164_1920.jpg 1920w\" sizes=\"auto, (max-width: 300px) 100vw, 300px\" \/>Hecken und Baumr\u00fcckschnitt<\/li>\n<li>Beetpflege<\/li>\n<li>Rasenerneuerung und Optimierung<\/li>\n<li>D\u00fcnge- und Pflanzenschutzma\u00dfnahmen<\/li>\n<li>Dauerpflege<\/li>\n<li>M\u00e4h- und Mulcharbeiten<\/li>\n<\/ul>\n<p>&nbsp;<\/p>\n<p>&nbsp;<\/p>\n\n","protected":false},"excerpt":{"rendered":"<p>Hecken und Baumr\u00fcckschnitt Beetpflege Rasenerneuerung und Optimierung D\u00fcnge- und Pflanzenschutzma\u00dfnahmen Dauerpflege M\u00e4h- und Mulcharbeiten &nbsp; &nbsp;<\/p>\n","protected":false},"author":1,"featured_media":0,"parent":25,"menu_order":0,"comment_status":"closed","ping_status":"closed","template":"template-full-width.php","meta":{"footnotes":""},"class_list":["post-169","page","type-page","status-publish","hentry"],"aioseo_notices":[],"_links":{"self":[{"href":"https:\/\/galabau-philippi.de\/cms\/wp-json\/wp\/v2\/pages\/169","targetHints":{"allow":["GET"]}}],"collection":[{"href":"https:\/\/galabau-philippi.de\/cms\/wp-json\/wp\/v2\/pages"}],"about":[{"href":"https:\/\/galabau-philippi.de\/cms\/wp-json\/wp\/v2\/types\/page"}],"author":[{"embeddable":true,"href":"https:\/\/galabau-philippi.de\/cms\/wp-json\/wp\/v2\/users\/1"}],"replies":[{"embeddable":true,"href":"https:\/\/galabau-philippi.de\/cms\/wp-json\/wp\/v2\/comments?post=169"}],"version-history":[{"count":10,"href":"https:\/\/galabau-philippi.de\/cms\/wp-json\/wp\/v2\/pages\/169\/revisions"}],"predecessor-version":[{"id":339,"href":"https:\/\/galabau-philippi.de\/cms\/wp-json\/wp\/v2\/pages\/169\/revisions\/339"}],"up":[{"embeddable":true,"href":"https:\/\/galabau-philippi.de\/cms\/wp-json\/wp\/v2\/pages\/25"}],"wp:attachment":[{"href":"https:\/\/galabau-philippi.de\/cms\/wp-json\/wp\/v2\/media?parent=169"}],"curies":[{"name":"wp","href":"https:\/\/api.w.org\/{rel}","templated":true}]}}